{"id":33,"date":"2025-04-02T10:13:37","date_gmt":"2025-04-02T13:13:37","guid":{"rendered":"https:\/\/www.fegasc.art.br\/?page_id=33"},"modified":"2025-04-08T22:19:48","modified_gmt":"2025-04-09T01:19:48","slug":"geral","status":"publish","type":"page","link":"https:\/\/www.fegasc.art.br\/?page_id=33","title":{"rendered":"Geral"},"content":{"rendered":"\n<p><a href=\"https:\/\/www.fegasc.art.br\/2025\/Geral\/Geral%20-%20Individuais.HTM\">Resultados Acumulados &#8211; Individuais e Birivas<\/a><br><a href=\"https:\/\/www.fegasc.art.br\/2025\/Geral\/Geral%20-%20Dan%e7as.HTM\">Resultados Acumulados &#8211; Dan\u00e7as e Conjunto Vocal<\/a><br><a href=\"https:\/\/www.fegasc.art.br\/2025\/Geral\/Campe%e3o%20Geral.HTM\">Campe\u00e3o Geral<\/a><\/p>\n\n\n\n<p><a href=\"https:\/\/www.fegasc.art.br\/2025\/Geral\/Dan%e7as%20Apresentadas.HTM\">Dan\u00e7as Apresentadas\u00a0<\/a><br><a href=\"https:\/\/www.fegasc.art.br\/2025\/Geral\/Poesias%20Declamadas.HTM\">Poesias Declamadas<\/a><br><a href=\"https:\/\/www.fegasc.art.br\/2025\/Geral\/M%fasicas%20Interpretadas%20-%20Solista%20Vocal.HTM\">M\u00fasicas Interpretadas &#8211; Solista Vocal<\/a><br>M\u00fasicas Executadas &#8211; Instrumentais<\/p>\n\n\n\n<p><\/p>\n","protected":false},"excerpt":{"rendered":"<p>Resultados Acumulados &#8211; Individuais e BirivasResultados Acumulados &#8211; Dan\u00e7as e Conjunto VocalCampe\u00e3o Geral Dan\u00e7as Apresentadas\u00a0Poesias DeclamadasM\u00fasicas Interpretadas &#8211; Solista VocalM\u00fasicas Executadas &#8211; Instrumentais<\/p>\n","protected":false},"author":1,"featured_media":0,"parent":0,"menu_order":0,"comment_status":"closed","ping_status":"closed","template":"","meta":{"footnotes":""},"class_list":["post-33","page","type-page","status-publish","hentry"],"_links":{"self":[{"href":"https:\/\/www.fegasc.art.br\/index.php?rest_route=\/wp\/v2\/pages\/33","targetHints":{"allow":["GET"]}}],"collection":[{"href":"https:\/\/www.fegasc.art.br\/index.php?rest_route=\/wp\/v2\/pages"}],"about":[{"href":"https:\/\/www.fegasc.art.br\/index.php?rest_route=\/wp\/v2\/types\/page"}],"author":[{"embeddable":true,"href":"https:\/\/www.fegasc.art.br\/index.php?rest_route=\/wp\/v2\/users\/1"}],"replies":[{"embeddable":true,"href":"https:\/\/www.fegasc.art.br\/index.php?rest_route=%2Fwp%2Fv2%2Fcomments&post=33"}],"version-history":[{"count":4,"href":"https:\/\/www.fegasc.art.br\/index.php?rest_route=\/wp\/v2\/pages\/33\/revisions"}],"predecessor-version":[{"id":81,"href":"https:\/\/www.fegasc.art.br\/index.php?rest_route=\/wp\/v2\/pages\/33\/revisions\/81"}],"wp:attachment":[{"href":"https:\/\/www.fegasc.art.br\/index.php?rest_route=%2Fwp%2Fv2%2Fmedia&parent=33"}],"curies":[{"name":"wp","href":"https:\/\/api.w.org\/{rel}","templated":true}]}}