{"id":27,"date":"2025-04-02T10:12:19","date_gmt":"2025-04-02T13:12:19","guid":{"rendered":"https:\/\/www.fegasc.art.br\/?page_id=27"},"modified":"2026-04-01T19:42:55","modified_gmt":"2026-04-01T22:42:55","slug":"3a-etapa","status":"publish","type":"page","link":"https:\/\/www.fegasc.art.br\/?page_id=27","title":{"rendered":"3\u00aa Etapa"},"content":{"rendered":"\n<p>A 3\u00aa Etapa do FEGASC 2026 ser\u00e1 realizada pelo GAC Quer\u00eancia A\u00e7oriana de S\u00e3o Jos\u00e9 no dia 22 de novembro 2026.<\/p>\n\n\n\n<p>As inscri\u00e7\u00f5es estar\u00e3o abertas no dia 08\/11\/2026 \u00e0s 08hs e finalizam no dia 17\/11\/2026 \u00e0s 20hs atrav\u00e9s do <a href=\"https:\/\/sistema.borsoi.com.br\/\">https:\/\/sistema.borsoi.com.br<\/a><\/p>\n\n\n\n<p>Modalidades individuais ainda ser\u00e3o definidas<\/p>\n\n\n\n<p><\/p>\n","protected":false},"excerpt":{"rendered":"<p>A 3\u00aa Etapa do FEGASC 2026 ser\u00e1 realizada pelo GAC Quer\u00eancia A\u00e7oriana de S\u00e3o Jos\u00e9 no dia 22 de novembro 2026. As inscri\u00e7\u00f5es estar\u00e3o abertas no dia 08\/11\/2026 \u00e0s 08hs e finalizam no dia 17\/11\/2026 \u00e0s 20hs atrav\u00e9s do https:\/\/sistema.borsoi.com.br Modalidades individuais ainda ser\u00e3o definidas<\/p>\n","protected":false},"author":1,"featured_media":0,"parent":0,"menu_order":0,"comment_status":"closed","ping_status":"closed","template":"","meta":{"footnotes":""},"class_list":["post-27","page","type-page","status-publish","hentry"],"_links":{"self":[{"href":"https:\/\/www.fegasc.art.br\/index.php?rest_route=\/wp\/v2\/pages\/27","targetHints":{"allow":["GET"]}}],"collection":[{"href":"https:\/\/www.fegasc.art.br\/index.php?rest_route=\/wp\/v2\/pages"}],"about":[{"href":"https:\/\/www.fegasc.art.br\/index.php?rest_route=\/wp\/v2\/types\/page"}],"author":[{"embeddable":true,"href":"https:\/\/www.fegasc.art.br\/index.php?rest_route=\/wp\/v2\/users\/1"}],"replies":[{"embeddable":true,"href":"https:\/\/www.fegasc.art.br\/index.php?rest_route=%2Fwp%2Fv2%2Fcomments&post=27"}],"version-history":[{"count":5,"href":"https:\/\/www.fegasc.art.br\/index.php?rest_route=\/wp\/v2\/pages\/27\/revisions"}],"predecessor-version":[{"id":117,"href":"https:\/\/www.fegasc.art.br\/index.php?rest_route=\/wp\/v2\/pages\/27\/revisions\/117"}],"wp:attachment":[{"href":"https:\/\/www.fegasc.art.br\/index.php?rest_route=%2Fwp%2Fv2%2Fmedia&parent=27"}],"curies":[{"name":"wp","href":"https:\/\/api.w.org\/{rel}","templated":true}]}}