{"id":24,"date":"2025-04-02T10:11:57","date_gmt":"2025-04-02T13:11:57","guid":{"rendered":"https:\/\/www.fegasc.art.br\/?page_id=24"},"modified":"2026-04-01T19:43:05","modified_gmt":"2026-04-01T22:43:05","slug":"2a-etapa","status":"publish","type":"page","link":"https:\/\/www.fegasc.art.br\/?page_id=24","title":{"rendered":"2\u00aa Etapa"},"content":{"rendered":"\n<p>A 2\u00aa Etapa do FEGASC 2026 ser\u00e1 realizada pelas entidades GF Amigos do Chimarr\u00e3o e CTG Esteio da Tradi\u00e7\u00e3o em Barra Velha nos dias 22 e 23 de agosto 2026.<\/p>\n\n\n\n<p>As inscri\u00e7\u00f5es estar\u00e3o abertas no dia 09\/08\/2026 \u00e0s 08hs e finalizam no dia 18\/08\/2026 \u00e0s 20hs atrav\u00e9s do <a href=\"https:\/\/sistema.borsoi.com.br\/\">https:\/\/sistema.borsoi.com.br<\/a><\/p>\n\n\n\n<p>Modalidades individuais ainda ser\u00e3o definidas<\/p>\n\n\n\n<p><\/p>\n","protected":false},"excerpt":{"rendered":"<p>A 2\u00aa Etapa do FEGASC 2026 ser\u00e1 realizada pelas entidades GF Amigos do Chimarr\u00e3o e CTG Esteio da Tradi\u00e7\u00e3o em Barra Velha nos dias 22 e 23 de agosto 2026. As inscri\u00e7\u00f5es estar\u00e3o abertas no dia 09\/08\/2026 \u00e0s 08hs e finalizam no dia 18\/08\/2026 \u00e0s 20hs atrav\u00e9s do https:\/\/sistema.borsoi.com.br Modalidades individuais ainda ser\u00e3o definidas<\/p>\n","protected":false},"author":1,"featured_media":0,"parent":0,"menu_order":0,"comment_status":"closed","ping_status":"closed","template":"","meta":{"footnotes":""},"class_list":["post-24","page","type-page","status-publish","hentry"],"_links":{"self":[{"href":"https:\/\/www.fegasc.art.br\/index.php?rest_route=\/wp\/v2\/pages\/24","targetHints":{"allow":["GET"]}}],"collection":[{"href":"https:\/\/www.fegasc.art.br\/index.php?rest_route=\/wp\/v2\/pages"}],"about":[{"href":"https:\/\/www.fegasc.art.br\/index.php?rest_route=\/wp\/v2\/types\/page"}],"author":[{"embeddable":true,"href":"https:\/\/www.fegasc.art.br\/index.php?rest_route=\/wp\/v2\/users\/1"}],"replies":[{"embeddable":true,"href":"https:\/\/www.fegasc.art.br\/index.php?rest_route=%2Fwp%2Fv2%2Fcomments&post=24"}],"version-history":[{"count":5,"href":"https:\/\/www.fegasc.art.br\/index.php?rest_route=\/wp\/v2\/pages\/24\/revisions"}],"predecessor-version":[{"id":118,"href":"https:\/\/www.fegasc.art.br\/index.php?rest_route=\/wp\/v2\/pages\/24\/revisions\/118"}],"wp:attachment":[{"href":"https:\/\/www.fegasc.art.br\/index.php?rest_route=%2Fwp%2Fv2%2Fmedia&parent=24"}],"curies":[{"name":"wp","href":"https:\/\/api.w.org\/{rel}","templated":true}]}}