{"id":2,"date":"2025-03-26T18:19:43","date_gmt":"2025-03-26T21:19:43","guid":{"rendered":"http:\/\/www.fegasc.art.br\/?page_id=2"},"modified":"2026-04-17T17:39:13","modified_gmt":"2026-04-17T20:39:13","slug":"pagina-exemplo","status":"publish","type":"page","link":"https:\/\/www.fegasc.art.br\/?page_id=2","title":{"rendered":"1\u00aa Etapa"},"content":{"rendered":"\n<p>A 1\u00aa Etapa do FEGASC 2026 ser\u00e1 realizada pelo GAC Coxilha Guarani de Cambori\u00fa no dia 25 e 26 de abril 2026.<\/p>\n\n\n\n<p>As inscri\u00e7\u00f5es estar\u00e3o abertas no dia 06\/04\/2026 \u00e0s 08hs e finalizam no dia 10\/04\/2026 \u00e0s 20hs atrav\u00e9s do <a href=\"https:\/\/sistema.borsoi.com.br\/\">https:\/\/sistema.borsoi.com.br<\/a><\/p>\n\n\n<div class=\"wp-block-image\">\n<figure class=\"aligncenter size-large\"><img loading=\"lazy\" decoding=\"async\" width=\"819\" height=\"1024\" src=\"https:\/\/www.fegasc.art.br\/wp-content\/uploads\/2026\/04\/image-819x1024.png\" alt=\"\" class=\"wp-image-123\" srcset=\"https:\/\/www.fegasc.art.br\/wp-content\/uploads\/2026\/04\/image-819x1024.png 819w, https:\/\/www.fegasc.art.br\/wp-content\/uploads\/2026\/04\/image-240x300.png 240w, https:\/\/www.fegasc.art.br\/wp-content\/uploads\/2026\/04\/image-768x960.png 768w, https:\/\/www.fegasc.art.br\/wp-content\/uploads\/2026\/04\/image.png 1024w\" sizes=\"auto, (max-width: 819px) 100vw, 819px\" \/><\/figure>\n<\/div>\n\n<div class=\"wp-block-image\">\n<figure class=\"aligncenter size-large\"><img loading=\"lazy\" decoding=\"async\" width=\"819\" height=\"1024\" src=\"https:\/\/www.fegasc.art.br\/wp-content\/uploads\/2026\/04\/image-1-819x1024.png\" alt=\"\" class=\"wp-image-124\" srcset=\"https:\/\/www.fegasc.art.br\/wp-content\/uploads\/2026\/04\/image-1-819x1024.png 819w, https:\/\/www.fegasc.art.br\/wp-content\/uploads\/2026\/04\/image-1-240x300.png 240w, https:\/\/www.fegasc.art.br\/wp-content\/uploads\/2026\/04\/image-1-768x960.png 768w, https:\/\/www.fegasc.art.br\/wp-content\/uploads\/2026\/04\/image-1.png 1024w\" sizes=\"auto, (max-width: 819px) 100vw, 819px\" \/><\/figure>\n<\/div>\n\n<div class=\"wp-block-image\">\n<figure class=\"aligncenter size-large\"><img loading=\"lazy\" decoding=\"async\" width=\"819\" height=\"1024\" src=\"https:\/\/www.fegasc.art.br\/wp-content\/uploads\/2026\/04\/image-2-819x1024.png\" alt=\"\" class=\"wp-image-126\" srcset=\"https:\/\/www.fegasc.art.br\/wp-content\/uploads\/2026\/04\/image-2-819x1024.png 819w, https:\/\/www.fegasc.art.br\/wp-content\/uploads\/2026\/04\/image-2-240x300.png 240w, https:\/\/www.fegasc.art.br\/wp-content\/uploads\/2026\/04\/image-2-768x960.png 768w, https:\/\/www.fegasc.art.br\/wp-content\/uploads\/2026\/04\/image-2.png 1024w\" sizes=\"auto, (max-width: 819px) 100vw, 819px\" \/><\/figure>\n<\/div>","protected":false},"excerpt":{"rendered":"<p>A 1\u00aa Etapa do FEGASC 2026 ser\u00e1 realizada pelo GAC Coxilha Guarani de Cambori\u00fa no dia 25 e 26 de abril 2026. As inscri\u00e7\u00f5es estar\u00e3o abertas no dia 06\/04\/2026 \u00e0s 08hs e finalizam no dia 10\/04\/2026 \u00e0s 20hs atrav\u00e9s do https:\/\/sistema.borsoi.com.br<\/p>\n","protected":false},"author":1,"featured_media":0,"parent":0,"menu_order":0,"comment_status":"closed","ping_status":"open","template":"","meta":{"footnotes":""},"class_list":["post-2","page","type-page","status-publish","hentry"],"_links":{"self":[{"href":"https:\/\/www.fegasc.art.br\/index.php?rest_route=\/wp\/v2\/pages\/2","targetHints":{"allow":["GET"]}}],"collection":[{"href":"https:\/\/www.fegasc.art.br\/index.php?rest_route=\/wp\/v2\/pages"}],"about":[{"href":"https:\/\/www.fegasc.art.br\/index.php?rest_route=\/wp\/v2\/types\/page"}],"author":[{"embeddable":true,"href":"https:\/\/www.fegasc.art.br\/index.php?rest_route=\/wp\/v2\/users\/1"}],"replies":[{"embeddable":true,"href":"https:\/\/www.fegasc.art.br\/index.php?rest_route=%2Fwp%2Fv2%2Fcomments&post=2"}],"version-history":[{"count":8,"href":"https:\/\/www.fegasc.art.br\/index.php?rest_route=\/wp\/v2\/pages\/2\/revisions"}],"predecessor-version":[{"id":127,"href":"https:\/\/www.fegasc.art.br\/index.php?rest_route=\/wp\/v2\/pages\/2\/revisions\/127"}],"wp:attachment":[{"href":"https:\/\/www.fegasc.art.br\/index.php?rest_route=%2Fwp%2Fv2%2Fmedia&parent=2"}],"curies":[{"name":"wp","href":"https:\/\/api.w.org\/{rel}","templated":true}]}}